{"id":693,"date":"2013-05-23T14:24:24","date_gmt":"2013-05-23T13:24:24","guid":{"rendered":"http:\/\/connexion-international.eu\/trading-2\/"},"modified":"2014-03-17T12:08:57","modified_gmt":"2014-03-17T11:08:57","slug":"comercio","status":"publish","type":"page","link":"https:\/\/connexion-international.eu\/es\/comercio\/","title":{"rendered":"\u00bfQu\u00e9 hacemos?"},"content":{"rendered":"<h5>COMERCIO<\/h5>\n<p>Connexion International BV es una compa\u00f1\u00eda din\u00e1mica de comercio internacional. Nuestra actividad principal es la importaci\u00f3n y exportaci\u00f3n de licores y bebidas espirituosas de primeras marcas en el mercado abierto de Europa, Asia, \u00c1frica y EE.UU.<\/p>\n<p><strong><a href=\"http:\/\/connexion-international.eu\/wp-content\/uploads\/2014\/01\/Image-liquor.jpg\"><img decoding=\"async\" loading=\"lazy\" class=\"size-thumbnail wp-image-654 alignright\" alt=\"Image liquor bottles\" src=\"http:\/\/connexion-international.eu\/wp-content\/uploads\/2014\/01\/Image-liquor-150x150.jpg\" width=\"150\" height=\"150\" \/><\/a><\/strong><b>Gama de productos<\/b><br \/>\nGracias a nuestra extensa red mundial y a nuestra experiencia, podemos ofrecer una amplia gama de productos en existencias de primera calidad y tambi\u00e9n podemos encontrar los productos que usted est\u00e1 buscando. Algunos de los art\u00edculos que comercializamos son, entre otros, whiskey, co\u00f1ac, ron, vodka, licor, ginebra, calvados, bourbon, tequila, vino y champagne.<\/p>\n<p><b>Productos genuinos<\/b><br \/>\nNos especializamos en productos europeos no sujetos al pago de impuestos especiales adicionales. Esto significa que los productos se encuentran \u201cen dep\u00f3sito\u201d y est\u00e1n exentos de impuestos especiales o IVA. Tambi\u00e9n podemos buscar productos no europeos (T1).<br \/>\nSolo comercializamos productos genuinos y no permitimos que productos decodificados o falsos formen parte de nuestro negocio.<\/p>\n<p><strong><img decoding=\"async\" loading=\"lazy\" class=\"size-medium wp-image-481 alignright\" alt=\"Logistics\" src=\"http:\/\/connexion-international.eu\/wp-content\/uploads\/2013\/05\/Logistics-300x170.jpg\" width=\"300\" height=\"170\" srcset=\"https:\/\/connexion-international.eu\/wp-content\/uploads\/2013\/05\/Logistics-300x170.jpg 300w, https:\/\/connexion-international.eu\/wp-content\/uploads\/2013\/05\/Logistics-1024x583.jpg 1024w, https:\/\/connexion-international.eu\/wp-content\/uploads\/2013\/05\/Logistics.jpg 1934w\" sizes=\"(max-width: 300px) 100vw, 300px\" \/><\/strong><b>Almac\u00e9n y log\u00edstica<\/b><br \/>\nTrabajamos en estrecha colaboraci\u00f3n con diversos <a title=\"Almacenamiento\" href=\"http:\/\/connexion-international.eu\/es\/almacenamiento\/\">almacenes <\/a>de confianza en los que almacenamos nuestros productos. Vendemos productos que no requieren pasar por un dep\u00f3sito aduanero y los suministramos con toda la documentaci\u00f3n de aduanas necesaria. Adem\u00e1s, cuando es preciso, nos ocupamos de que los productos dispongan de sellos de aduanas o banderolas y nos encargamos de organizar un traslado seguro y r\u00e1pido con un transportista oficial, trat\u00e1ndose en algunos casos de una carga de contenedor completa. Ofrecemos todos estos servicios a un precio justo y competitivo.<\/p>\n<p><b>Condiciones de pago<\/b><br \/>\nNuestras condiciones de pago son simples: los productos se liberan una vez satisfecho el pago correspondiente en nuestra cuenta o a trav\u00e9s de la <a title=\"Almacenamiento\" href=\"http:\/\/connexion-international.eu\/es\/almacenamiento\/\">cuenta de dep\u00f3sito<\/a> de uno de nuestros almacenes asociados para garantizar una transacci\u00f3n segura.<\/p>\n<p><b>Acerca de Connexion<img decoding=\"async\" loading=\"lazy\" class=\"size-medium wp-image-487 alignright\" alt=\"IMG_2703\" src=\"http:\/\/connexion-international.eu\/wp-content\/uploads\/2013\/05\/IMG_2703-300x69.jpg\" width=\"300\" height=\"69\" srcset=\"https:\/\/connexion-international.eu\/wp-content\/uploads\/2013\/05\/IMG_2703-300x69.jpg 300w, https:\/\/connexion-international.eu\/wp-content\/uploads\/2013\/05\/IMG_2703.jpg 1000w\" sizes=\"(max-width: 300px) 100vw, 300px\" \/><\/b><br \/>\nDespu\u00e9s de una d\u00e9cada en el negocio, <a title=\"Nuestro Equipo\" href=\"http:\/\/connexion-international.eu\/es\/nuestro-equipo\/\">Erik van Voorst<\/a> puso en marcha Connexion International en el a\u00f1o 2009. Desde entonces, la compa\u00f1\u00eda ha presentado un fuerte crecimiento y se ha expandido r\u00e1pidamente debido al entusiasmo, ingenio y personalidad.<\/p>\n<p>Nuestro objetivo es construir una relaci\u00f3n s\u00f3lida con todos nuestros clientes y proveedores, basada en la confianza mutua y de larga duraci\u00f3n.<\/p>\n","protected":false},"excerpt":{"rendered":"<p> &hellip; <a href=\"https:\/\/connexion-international.eu\/es\/comercio\/\">Sigue leyendo <span class=\"meta-nav\">&#187;<\/span><\/a><\/p>\n","protected":false},"author":2,"featured_media":0,"parent":0,"menu_order":10,"comment_status":"closed","ping_status":"closed","template":"","meta":[],"acf":[],"yoast_head":"<!-- This site is optimized with the Yoast SEO plugin v19.11 - https:\/\/yoast.com\/wordpress\/plugins\/seo\/ -->\n<title>Importacion y exportacion de licores - Connexion International<\/title>\n<meta name=\"description\" content=\"COMERCIO Connexion International BV es una compa\u00f1\u00eda din\u00e1mica de comercio internacional. Nuestra actividad principal es la importaci\u00f3n y exportaci\u00f3n de\" \/>\n<meta name=\"robots\" content=\"index, follow, max-snippet:-1, max-image-preview:large, max-video-preview:-1\" \/>\n<link rel=\"canonical\" href=\"https:\/\/connexion-international.eu\/es\/comercio\/\" \/>\n<meta property=\"og:locale\" content=\"es_ES\" \/>\n<meta property=\"og:type\" content=\"article\" \/>\n<meta property=\"og:title\" content=\"Importacion y exportacion de licores - Connexion International\" \/>\n<meta property=\"og:description\" content=\"COMERCIO Connexion International BV es una compa\u00f1\u00eda din\u00e1mica de comercio internacional. Nuestra actividad principal es la importaci\u00f3n y exportaci\u00f3n de\" \/>\n<meta property=\"og:url\" content=\"https:\/\/connexion-international.eu\/es\/comercio\/\" \/>\n<meta property=\"og:site_name\" content=\"Connexion International\" \/>\n<meta property=\"article:modified_time\" content=\"2014-03-17T11:08:57+00:00\" \/>\n<meta property=\"og:image\" content=\"http:\/\/connexion-international.eu\/wp-content\/uploads\/2014\/01\/Image-liquor-150x150.jpg\" \/>\n<meta name=\"twitter:label1\" content=\"Tiempo de lectura\" \/>\n\t<meta name=\"twitter:data1\" content=\"2 minutos\" \/>\n<script type=\"application\/ld+json\" class=\"yoast-schema-graph\">{\"@context\":\"https:\/\/schema.org\",\"@graph\":[{\"@type\":\"WebPage\",\"@id\":\"https:\/\/connexion-international.eu\/es\/comercio\/\",\"url\":\"https:\/\/connexion-international.eu\/es\/comercio\/\",\"name\":\"Importacion y exportacion de licores - Connexion International\",\"isPartOf\":{\"@id\":\"https:\/\/connexion-international.eu\/#website\"},\"datePublished\":\"2013-05-23T13:24:24+00:00\",\"dateModified\":\"2014-03-17T11:08:57+00:00\",\"description\":\"COMERCIO Connexion International BV es una compa\u00f1\u00eda din\u00e1mica de comercio internacional. Nuestra actividad principal es la importaci\u00f3n y exportaci\u00f3n de\",\"breadcrumb\":{\"@id\":\"https:\/\/connexion-international.eu\/es\/comercio\/#breadcrumb\"},\"inLanguage\":\"es\",\"potentialAction\":[{\"@type\":\"ReadAction\",\"target\":[\"https:\/\/connexion-international.eu\/es\/comercio\/\"]}]},{\"@type\":\"BreadcrumbList\",\"@id\":\"https:\/\/connexion-international.eu\/es\/comercio\/#breadcrumb\",\"itemListElement\":[{\"@type\":\"ListItem\",\"position\":1,\"name\":\"Home\",\"item\":\"https:\/\/connexion-international.eu\/es\/\"},{\"@type\":\"ListItem\",\"position\":2,\"name\":\"\u00bfQu\u00e9 hacemos?\"}]},{\"@type\":\"WebSite\",\"@id\":\"https:\/\/connexion-international.eu\/#website\",\"url\":\"https:\/\/connexion-international.eu\/\",\"name\":\"Connexion International\",\"description\":\"Delevering your favorite brand. Everywhere and everytime.\",\"potentialAction\":[{\"@type\":\"SearchAction\",\"target\":{\"@type\":\"EntryPoint\",\"urlTemplate\":\"https:\/\/connexion-international.eu\/?s={search_term_string}\"},\"query-input\":\"required name=search_term_string\"}],\"inLanguage\":\"es\"}]}<\/script>\n<!-- \/ Yoast SEO plugin. -->","yoast_head_json":{"title":"Importacion y exportacion de licores - Connexion International","description":"COMERCIO Connexion International BV es una compa\u00f1\u00eda din\u00e1mica de comercio internacional. Nuestra actividad principal es la importaci\u00f3n y exportaci\u00f3n de","robots":{"index":"index","follow":"follow","max-snippet":"max-snippet:-1","max-image-preview":"max-image-preview:large","max-video-preview":"max-video-preview:-1"},"canonical":"https:\/\/connexion-international.eu\/es\/comercio\/","og_locale":"es_ES","og_type":"article","og_title":"Importacion y exportacion de licores - Connexion International","og_description":"COMERCIO Connexion International BV es una compa\u00f1\u00eda din\u00e1mica de comercio internacional. Nuestra actividad principal es la importaci\u00f3n y exportaci\u00f3n de","og_url":"https:\/\/connexion-international.eu\/es\/comercio\/","og_site_name":"Connexion International","article_modified_time":"2014-03-17T11:08:57+00:00","og_image":[{"url":"http:\/\/connexion-international.eu\/wp-content\/uploads\/2014\/01\/Image-liquor-150x150.jpg"}],"twitter_misc":{"Tiempo de lectura":"2 minutos"},"schema":{"@context":"https:\/\/schema.org","@graph":[{"@type":"WebPage","@id":"https:\/\/connexion-international.eu\/es\/comercio\/","url":"https:\/\/connexion-international.eu\/es\/comercio\/","name":"Importacion y exportacion de licores - Connexion International","isPartOf":{"@id":"https:\/\/connexion-international.eu\/#website"},"datePublished":"2013-05-23T13:24:24+00:00","dateModified":"2014-03-17T11:08:57+00:00","description":"COMERCIO Connexion International BV es una compa\u00f1\u00eda din\u00e1mica de comercio internacional. Nuestra actividad principal es la importaci\u00f3n y exportaci\u00f3n de","breadcrumb":{"@id":"https:\/\/connexion-international.eu\/es\/comercio\/#breadcrumb"},"inLanguage":"es","potentialAction":[{"@type":"ReadAction","target":["https:\/\/connexion-international.eu\/es\/comercio\/"]}]},{"@type":"BreadcrumbList","@id":"https:\/\/connexion-international.eu\/es\/comercio\/#breadcrumb","itemListElement":[{"@type":"ListItem","position":1,"name":"Home","item":"https:\/\/connexion-international.eu\/es\/"},{"@type":"ListItem","position":2,"name":"\u00bfQu\u00e9 hacemos?"}]},{"@type":"WebSite","@id":"https:\/\/connexion-international.eu\/#website","url":"https:\/\/connexion-international.eu\/","name":"Connexion International","description":"Delevering your favorite brand. Everywhere and everytime.","potentialAction":[{"@type":"SearchAction","target":{"@type":"EntryPoint","urlTemplate":"https:\/\/connexion-international.eu\/?s={search_term_string}"},"query-input":"required name=search_term_string"}],"inLanguage":"es"}]}},"_links":{"self":[{"href":"https:\/\/connexion-international.eu\/es\/wp-json\/wp\/v2\/pages\/693"}],"collection":[{"href":"https:\/\/connexion-international.eu\/es\/wp-json\/wp\/v2\/pages"}],"about":[{"href":"https:\/\/connexion-international.eu\/es\/wp-json\/wp\/v2\/types\/page"}],"author":[{"embeddable":true,"href":"https:\/\/connexion-international.eu\/es\/wp-json\/wp\/v2\/users\/2"}],"replies":[{"embeddable":true,"href":"https:\/\/connexion-international.eu\/es\/wp-json\/wp\/v2\/comments?post=693"}],"version-history":[{"count":5,"href":"https:\/\/connexion-international.eu\/es\/wp-json\/wp\/v2\/pages\/693\/revisions"}],"predecessor-version":[{"id":702,"href":"https:\/\/connexion-international.eu\/es\/wp-json\/wp\/v2\/pages\/693\/revisions\/702"}],"wp:attachment":[{"href":"https:\/\/connexion-international.eu\/es\/wp-json\/wp\/v2\/media?parent=693"}],"curies":[{"name":"wp","href":"https:\/\/api.w.org\/{rel}","templated":true}]}}