{"id":153,"date":"2013-05-15T10:27:49","date_gmt":"2013-05-15T10:27:49","guid":{"rendered":"http:\/\/connexion-international.eu\/voorbeeld-pagina-2\/"},"modified":"2021-01-07T10:50:01","modified_gmt":"2021-01-07T09:50:01","slug":"delivering-your-favorite-brands","status":"publish","type":"page","link":"https:\/\/connexion-international.eu\/es\/","title":{"rendered":"Delivering your favorite brands"},"content":{"rendered":"<p>Connexion International BV es un din\u00e1mico mayorista internacional de licores de marcas de primera calidad. Gracias a nuestras conexiones, as\u00ed como a nuestra experiencia y flexibilidad en el comercio internacional de licores, un sector que avanza r\u00e1pidamente, podemos ofrecer a nuestros clientes una amplia gama de whiskys, co\u00f1acs y vodkas de marcas conocidas, adem\u00e1s de art\u00edculos especializados, a precios justos y competitivos.<!--?xml:namespace prefix = \"o\" ns = \"urn:schemas-microsoft-com:office:office\" \/--><\/p>\n<p>Tenemos buenas conexiones con empresas de transporte y <a title=\"Warehousing\" href=\"http:\/\/connexion-international.eu\/warehouses\/\">almacenes <\/a>bien establecidos y de confianza y, por lo tanto, podemos garantizar una entrega fiable, segura y sin problemas de su pedido en cualquier lugar del mundo.<\/p>\n<p>Nuestro objetivo es construir una relaci\u00f3n s\u00f3lida con todos nuestros clientes y proveedores, basada en la confianza mutua y de larga duraci\u00f3n.<\/p>\n<p><span style=\"color: #800000;\">\u00a0<\/span><\/p>\n<p>&nbsp;<\/p>\n","protected":false},"excerpt":{"rendered":"<p> &hellip; <a href=\"https:\/\/connexion-international.eu\/es\/\">Sigue leyendo <span class=\"meta-nav\">&#187;<\/span><\/a><\/p>\n","protected":false},"author":2,"featured_media":0,"parent":0,"menu_order":2,"comment_status":"closed","ping_status":"closed","template":"","meta":[],"acf":[],"yoast_head":"<!-- This site is optimized with the Yoast SEO plugin v19.11 - https:\/\/yoast.com\/wordpress\/plugins\/seo\/ -->\n<title>Mayorista internacional de licores - Connexion International<\/title>\n<meta name=\"description\" content=\"Connexion International BV es un din\u00e1mico mayorista internacional de licores de marcas de primera calidad. Gracias a nuestras conexiones, as\u00ed como a\" \/>\n<meta name=\"robots\" content=\"index, follow, max-snippet:-1, max-image-preview:large, max-video-preview:-1\" \/>\n<link rel=\"canonical\" href=\"https:\/\/connexion-international.eu\/es\/\" \/>\n<meta property=\"og:locale\" content=\"es_ES\" \/>\n<meta property=\"og:type\" content=\"article\" \/>\n<meta property=\"og:title\" content=\"Mayorista internacional de licores - Connexion International\" \/>\n<meta property=\"og:description\" content=\"Connexion International BV es un din\u00e1mico mayorista internacional de licores de marcas de primera calidad. Gracias a nuestras conexiones, as\u00ed como a\" \/>\n<meta property=\"og:url\" content=\"https:\/\/connexion-international.eu\/es\/\" \/>\n<meta property=\"og:site_name\" content=\"Connexion International\" \/>\n<meta property=\"article:modified_time\" content=\"2021-01-07T09:50:01+00:00\" \/>\n<meta name=\"twitter:label1\" content=\"Tiempo de lectura\" \/>\n\t<meta name=\"twitter:data1\" content=\"1 minuto\" \/>\n<script type=\"application\/ld+json\" class=\"yoast-schema-graph\">{\"@context\":\"https:\/\/schema.org\",\"@graph\":[{\"@type\":\"WebPage\",\"@id\":\"https:\/\/connexion-international.eu\/es\/\",\"url\":\"https:\/\/connexion-international.eu\/es\/\",\"name\":\"Mayorista internacional de licores - Connexion International\",\"isPartOf\":{\"@id\":\"https:\/\/connexion-international.eu\/#website\"},\"datePublished\":\"2013-05-15T10:27:49+00:00\",\"dateModified\":\"2021-01-07T09:50:01+00:00\",\"description\":\"Connexion International BV es un din\u00e1mico mayorista internacional de licores de marcas de primera calidad. Gracias a nuestras conexiones, as\u00ed como a\",\"breadcrumb\":{\"@id\":\"https:\/\/connexion-international.eu\/es\/#breadcrumb\"},\"inLanguage\":\"es\",\"potentialAction\":[{\"@type\":\"ReadAction\",\"target\":[\"https:\/\/connexion-international.eu\/es\/\"]}]},{\"@type\":\"BreadcrumbList\",\"@id\":\"https:\/\/connexion-international.eu\/es\/#breadcrumb\",\"itemListElement\":[{\"@type\":\"ListItem\",\"position\":1,\"name\":\"Home\",\"item\":\"https:\/\/connexion-international.eu\/es\/\"},{\"@type\":\"ListItem\",\"position\":2,\"name\":\"Delivering your favorite brands\"}]},{\"@type\":\"WebSite\",\"@id\":\"https:\/\/connexion-international.eu\/#website\",\"url\":\"https:\/\/connexion-international.eu\/\",\"name\":\"Connexion International\",\"description\":\"Delevering your favorite brand. Everywhere and everytime.\",\"potentialAction\":[{\"@type\":\"SearchAction\",\"target\":{\"@type\":\"EntryPoint\",\"urlTemplate\":\"https:\/\/connexion-international.eu\/?s={search_term_string}\"},\"query-input\":\"required name=search_term_string\"}],\"inLanguage\":\"es\"}]}<\/script>\n<!-- \/ Yoast SEO plugin. -->","yoast_head_json":{"title":"Mayorista internacional de licores - Connexion International","description":"Connexion International BV es un din\u00e1mico mayorista internacional de licores de marcas de primera calidad. Gracias a nuestras conexiones, as\u00ed como a","robots":{"index":"index","follow":"follow","max-snippet":"max-snippet:-1","max-image-preview":"max-image-preview:large","max-video-preview":"max-video-preview:-1"},"canonical":"https:\/\/connexion-international.eu\/es\/","og_locale":"es_ES","og_type":"article","og_title":"Mayorista internacional de licores - Connexion International","og_description":"Connexion International BV es un din\u00e1mico mayorista internacional de licores de marcas de primera calidad. Gracias a nuestras conexiones, as\u00ed como a","og_url":"https:\/\/connexion-international.eu\/es\/","og_site_name":"Connexion International","article_modified_time":"2021-01-07T09:50:01+00:00","twitter_misc":{"Tiempo de lectura":"1 minuto"},"schema":{"@context":"https:\/\/schema.org","@graph":[{"@type":"WebPage","@id":"https:\/\/connexion-international.eu\/es\/","url":"https:\/\/connexion-international.eu\/es\/","name":"Mayorista internacional de licores - Connexion International","isPartOf":{"@id":"https:\/\/connexion-international.eu\/#website"},"datePublished":"2013-05-15T10:27:49+00:00","dateModified":"2021-01-07T09:50:01+00:00","description":"Connexion International BV es un din\u00e1mico mayorista internacional de licores de marcas de primera calidad. Gracias a nuestras conexiones, as\u00ed como a","breadcrumb":{"@id":"https:\/\/connexion-international.eu\/es\/#breadcrumb"},"inLanguage":"es","potentialAction":[{"@type":"ReadAction","target":["https:\/\/connexion-international.eu\/es\/"]}]},{"@type":"BreadcrumbList","@id":"https:\/\/connexion-international.eu\/es\/#breadcrumb","itemListElement":[{"@type":"ListItem","position":1,"name":"Home","item":"https:\/\/connexion-international.eu\/es\/"},{"@type":"ListItem","position":2,"name":"Delivering your favorite brands"}]},{"@type":"WebSite","@id":"https:\/\/connexion-international.eu\/#website","url":"https:\/\/connexion-international.eu\/","name":"Connexion International","description":"Delevering your favorite brand. Everywhere and everytime.","potentialAction":[{"@type":"SearchAction","target":{"@type":"EntryPoint","urlTemplate":"https:\/\/connexion-international.eu\/?s={search_term_string}"},"query-input":"required name=search_term_string"}],"inLanguage":"es"}]}},"_links":{"self":[{"href":"https:\/\/connexion-international.eu\/es\/wp-json\/wp\/v2\/pages\/153"}],"collection":[{"href":"https:\/\/connexion-international.eu\/es\/wp-json\/wp\/v2\/pages"}],"about":[{"href":"https:\/\/connexion-international.eu\/es\/wp-json\/wp\/v2\/types\/page"}],"author":[{"embeddable":true,"href":"https:\/\/connexion-international.eu\/es\/wp-json\/wp\/v2\/users\/2"}],"replies":[{"embeddable":true,"href":"https:\/\/connexion-international.eu\/es\/wp-json\/wp\/v2\/comments?post=153"}],"version-history":[{"count":19,"href":"https:\/\/connexion-international.eu\/es\/wp-json\/wp\/v2\/pages\/153\/revisions"}],"predecessor-version":[{"id":1244,"href":"https:\/\/connexion-international.eu\/es\/wp-json\/wp\/v2\/pages\/153\/revisions\/1244"}],"wp:attachment":[{"href":"https:\/\/connexion-international.eu\/es\/wp-json\/wp\/v2\/media?parent=153"}],"curies":[{"name":"wp","href":"https:\/\/api.w.org\/{rel}","templated":true}]}}