{"id":145,"date":"2013-05-29T10:42:10","date_gmt":"2013-05-29T09:42:10","guid":{"rendered":"http:\/\/connexion-international.eu\/?page_id=145"},"modified":"2025-11-04T15:17:21","modified_gmt":"2025-11-04T14:17:21","slug":"almacenamiento","status":"publish","type":"page","link":"https:\/\/connexion-international.eu\/es\/almacenamiento\/","title":{"rendered":"Almacenamiento"},"content":{"rendered":"<h5>Nuestros socios de almacenamiento<\/h5>\n<p>Nuestras actividades de compra-venta y transporte son realizadas por almacenes de confianza. Trabajamos estrechamente con Loendersloot en los Pa\u00edses Bajos y con Seabrook Warehousing y London City Bond en el Reino Unido.<!--?xml:namespace prefix = \"o\" ns = \"urn:schemas-microsoft-com:office:office\" \/--><\/p>\n<p>Contamos con m\u00e1s de 30.000 cajas en existencias y vendemos toda nuestra mercanc\u00eda desde el almac\u00e9n, sin pasar por un dep\u00f3sito aduanero. Nos ocupamos de tramitar toda la documentaci\u00f3n de aduanas necesaria y, cuando es preciso, le podemos facilitar la solicitud de sellos de aduanas, banderolas, etc.<\/p>\n<p>Podemos ofrecerle la posibilidad de pagar a trav\u00e9s de un dep\u00f3sito en garant\u00eda a trav\u00e9s de uno de nuestros almacenes asociados, para proteger su transacci\u00f3n.<\/p>\n<p>Si tiene alguna pregunta, p\u00f3ngase en contacto con nosotros en <a href=\"mailto:office@connexion-international.eu\">office@connexion-international.eu<\/a><\/p>\n<p>&nbsp;<\/p>\n<p><img decoding=\"async\" loading=\"lazy\" class=\"alignleft wp-image-1749 size-large\" src=\"http:\/\/connexion-international.eu\/wp-content\/uploads\/2025\/11\/Borchwerf1-scaled-e1762265342502-1024x425.jpg\" alt=\"\" width=\"640\" height=\"266\" srcset=\"https:\/\/connexion-international.eu\/wp-content\/uploads\/2025\/11\/Borchwerf1-scaled-e1762265342502-1024x425.jpg 1024w, https:\/\/connexion-international.eu\/wp-content\/uploads\/2025\/11\/Borchwerf1-scaled-e1762265342502-300x124.jpg 300w, https:\/\/connexion-international.eu\/wp-content\/uploads\/2025\/11\/Borchwerf1-scaled-e1762265342502-768x319.jpg 768w, https:\/\/connexion-international.eu\/wp-content\/uploads\/2025\/11\/Borchwerf1-scaled-e1762265342502-1536x637.jpg 1536w, https:\/\/connexion-international.eu\/wp-content\/uploads\/2025\/11\/Borchwerf1-scaled-e1762265342502-2048x850.jpg 2048w\" sizes=\"(max-width: 640px) 100vw, 640px\" \/><\/p>\n<h5>Loendersloot Global Logistics<\/h5>\n<p>Kooldreef 7<br \/>\n4703 RE Roosendaal<br \/>\n0031 (0)165 550208<br \/>\ninfo@loendersloot.com<br \/>\n<a href=\"https:\/\/loendersloot.com\" target=\"_blank\" rel=\"noopener\">https:\/\/loendersloot.com<\/a><\/p>\n<h5>Seabrook Warehousing<\/h5>\n<p>853 London Road<br \/>\nWest Thurrock<br \/>\nEssex, RM20 3LG<br \/>\nReino Unido<br \/>\n0044 (0)208 596 7500<br \/>\n<a href=\"http:\/\/www.seabrookwarehousing.com\" target=\"_blank\" rel=\"noopener\">www.seabrookwarehousing.com<\/a><\/p>\n","protected":false},"excerpt":{"rendered":"<p> &hellip; <a href=\"https:\/\/connexion-international.eu\/es\/almacenamiento\/\">Sigue leyendo <span class=\"meta-nav\">&#187;<\/span><\/a><\/p>\n","protected":false},"author":2,"featured_media":1548,"parent":0,"menu_order":21,"comment_status":"closed","ping_status":"closed","template":"","meta":[],"acf":[],"yoast_head":"<!-- This site is optimized with the Yoast SEO plugin v19.11 - https:\/\/yoast.com\/wordpress\/plugins\/seo\/ -->\n<title>Almacenamiento | Connexion International<\/title>\n<meta name=\"description\" content=\"Nuestros socios de almacenamiento Nuestras actividades de compra-venta y transporte son realizadas por almacenes de confianza. Trabajamos estrechamente\" \/>\n<meta name=\"robots\" content=\"index, follow, max-snippet:-1, max-image-preview:large, max-video-preview:-1\" \/>\n<link rel=\"canonical\" href=\"https:\/\/connexion-international.eu\/es\/almacenamiento\/\" \/>\n<meta property=\"og:locale\" content=\"es_ES\" \/>\n<meta property=\"og:type\" content=\"article\" \/>\n<meta property=\"og:title\" content=\"Almacenamiento | Connexion International\" \/>\n<meta property=\"og:description\" content=\"Nuestros socios de almacenamiento Nuestras actividades de compra-venta y transporte son realizadas por almacenes de confianza. Trabajamos estrechamente\" \/>\n<meta property=\"og:url\" content=\"https:\/\/connexion-international.eu\/es\/almacenamiento\/\" \/>\n<meta property=\"og:site_name\" content=\"Connexion International\" \/>\n<meta property=\"article:modified_time\" content=\"2025-11-04T14:17:21+00:00\" \/>\n<meta property=\"og:image\" content=\"http:\/\/connexion-international.eu\/wp-content\/uploads\/2013\/05\/Warehouses-copy1.jpg\" \/>\n\t<meta property=\"og:image:width\" content=\"1920\" \/>\n\t<meta property=\"og:image:height\" content=\"250\" \/>\n\t<meta property=\"og:image:type\" content=\"image\/jpeg\" \/>\n<meta name=\"twitter:label1\" content=\"Tiempo de lectura\" \/>\n\t<meta name=\"twitter:data1\" content=\"1 minuto\" \/>\n<script type=\"application\/ld+json\" class=\"yoast-schema-graph\">{\"@context\":\"https:\/\/schema.org\",\"@graph\":[{\"@type\":\"WebPage\",\"@id\":\"https:\/\/connexion-international.eu\/es\/almacenamiento\/\",\"url\":\"https:\/\/connexion-international.eu\/es\/almacenamiento\/\",\"name\":\"Almacenamiento | Connexion International\",\"isPartOf\":{\"@id\":\"https:\/\/connexion-international.eu\/#website\"},\"datePublished\":\"2013-05-29T09:42:10+00:00\",\"dateModified\":\"2025-11-04T14:17:21+00:00\",\"description\":\"Nuestros socios de almacenamiento Nuestras actividades de compra-venta y transporte son realizadas por almacenes de confianza. Trabajamos estrechamente\",\"breadcrumb\":{\"@id\":\"https:\/\/connexion-international.eu\/es\/almacenamiento\/#breadcrumb\"},\"inLanguage\":\"es\",\"potentialAction\":[{\"@type\":\"ReadAction\",\"target\":[\"https:\/\/connexion-international.eu\/es\/almacenamiento\/\"]}]},{\"@type\":\"BreadcrumbList\",\"@id\":\"https:\/\/connexion-international.eu\/es\/almacenamiento\/#breadcrumb\",\"itemListElement\":[{\"@type\":\"ListItem\",\"position\":1,\"name\":\"Home\",\"item\":\"https:\/\/connexion-international.eu\/es\/\"},{\"@type\":\"ListItem\",\"position\":2,\"name\":\"Almacenamiento\"}]},{\"@type\":\"WebSite\",\"@id\":\"https:\/\/connexion-international.eu\/#website\",\"url\":\"https:\/\/connexion-international.eu\/\",\"name\":\"Connexion International\",\"description\":\"Delevering your favorite brand. Everywhere and everytime.\",\"potentialAction\":[{\"@type\":\"SearchAction\",\"target\":{\"@type\":\"EntryPoint\",\"urlTemplate\":\"https:\/\/connexion-international.eu\/?s={search_term_string}\"},\"query-input\":\"required name=search_term_string\"}],\"inLanguage\":\"es\"}]}<\/script>\n<!-- \/ Yoast SEO plugin. -->","yoast_head_json":{"title":"Almacenamiento | Connexion International","description":"Nuestros socios de almacenamiento Nuestras actividades de compra-venta y transporte son realizadas por almacenes de confianza. Trabajamos estrechamente","robots":{"index":"index","follow":"follow","max-snippet":"max-snippet:-1","max-image-preview":"max-image-preview:large","max-video-preview":"max-video-preview:-1"},"canonical":"https:\/\/connexion-international.eu\/es\/almacenamiento\/","og_locale":"es_ES","og_type":"article","og_title":"Almacenamiento | Connexion International","og_description":"Nuestros socios de almacenamiento Nuestras actividades de compra-venta y transporte son realizadas por almacenes de confianza. Trabajamos estrechamente","og_url":"https:\/\/connexion-international.eu\/es\/almacenamiento\/","og_site_name":"Connexion International","article_modified_time":"2025-11-04T14:17:21+00:00","og_image":[{"width":1920,"height":250,"url":"http:\/\/connexion-international.eu\/wp-content\/uploads\/2013\/05\/Warehouses-copy1.jpg","type":"image\/jpeg"}],"twitter_misc":{"Tiempo de lectura":"1 minuto"},"schema":{"@context":"https:\/\/schema.org","@graph":[{"@type":"WebPage","@id":"https:\/\/connexion-international.eu\/es\/almacenamiento\/","url":"https:\/\/connexion-international.eu\/es\/almacenamiento\/","name":"Almacenamiento | Connexion International","isPartOf":{"@id":"https:\/\/connexion-international.eu\/#website"},"datePublished":"2013-05-29T09:42:10+00:00","dateModified":"2025-11-04T14:17:21+00:00","description":"Nuestros socios de almacenamiento Nuestras actividades de compra-venta y transporte son realizadas por almacenes de confianza. Trabajamos estrechamente","breadcrumb":{"@id":"https:\/\/connexion-international.eu\/es\/almacenamiento\/#breadcrumb"},"inLanguage":"es","potentialAction":[{"@type":"ReadAction","target":["https:\/\/connexion-international.eu\/es\/almacenamiento\/"]}]},{"@type":"BreadcrumbList","@id":"https:\/\/connexion-international.eu\/es\/almacenamiento\/#breadcrumb","itemListElement":[{"@type":"ListItem","position":1,"name":"Home","item":"https:\/\/connexion-international.eu\/es\/"},{"@type":"ListItem","position":2,"name":"Almacenamiento"}]},{"@type":"WebSite","@id":"https:\/\/connexion-international.eu\/#website","url":"https:\/\/connexion-international.eu\/","name":"Connexion International","description":"Delevering your favorite brand. Everywhere and everytime.","potentialAction":[{"@type":"SearchAction","target":{"@type":"EntryPoint","urlTemplate":"https:\/\/connexion-international.eu\/?s={search_term_string}"},"query-input":"required name=search_term_string"}],"inLanguage":"es"}]}},"_links":{"self":[{"href":"https:\/\/connexion-international.eu\/es\/wp-json\/wp\/v2\/pages\/145"}],"collection":[{"href":"https:\/\/connexion-international.eu\/es\/wp-json\/wp\/v2\/pages"}],"about":[{"href":"https:\/\/connexion-international.eu\/es\/wp-json\/wp\/v2\/types\/page"}],"author":[{"embeddable":true,"href":"https:\/\/connexion-international.eu\/es\/wp-json\/wp\/v2\/users\/2"}],"replies":[{"embeddable":true,"href":"https:\/\/connexion-international.eu\/es\/wp-json\/wp\/v2\/comments?post=145"}],"version-history":[{"count":12,"href":"https:\/\/connexion-international.eu\/es\/wp-json\/wp\/v2\/pages\/145\/revisions"}],"predecessor-version":[{"id":1764,"href":"https:\/\/connexion-international.eu\/es\/wp-json\/wp\/v2\/pages\/145\/revisions\/1764"}],"wp:featuredmedia":[{"embeddable":true,"href":"https:\/\/connexion-international.eu\/es\/wp-json\/wp\/v2\/media\/1548"}],"wp:attachment":[{"href":"https:\/\/connexion-international.eu\/es\/wp-json\/wp\/v2\/media?parent=145"}],"curies":[{"name":"wp","href":"https:\/\/api.w.org\/{rel}","templated":true}]}}