{"id":712,"date":"2013-05-23T15:04:31","date_gmt":"2013-05-23T14:04:31","guid":{"rendered":"http:\/\/connexion-international.eu\/warehouses-2\/"},"modified":"2025-11-04T15:16:58","modified_gmt":"2025-11-04T14:16:58","slug":"lagerhaltung","status":"publish","type":"page","link":"https:\/\/connexion-international.eu\/de\/lagerhaltung\/","title":{"rendered":"Lagerhaltung"},"content":{"rendered":"<h5>Unsere Lagerpartner<\/h5>\n<p>Unsere Einkaufs- und Verkaufsaktivit\u00e4ten sowie der Transport werden von zuverl\u00e4ssigen Warenlagern \u00a0unterst\u00fctzt. Wir arbeiten eng mit Loendersloot in den Niederlanden sowie Seabrook Warehousing und London City Bond im Vereinigten K\u00f6nigreich zusammen.<\/p>\n<p>Wir halten \u00fcber 30.000 Kisten auf Vorrat und verkaufen unsere Marken-Spirituosen ab Lager. Alle erforderlichen Zolldokumente werden organisiert. Erforderlichenfalls \u00a0k\u00f6nnen wir Sie bei der Anbringung von Steuermarken und Steuerzeichen unterst\u00fctzen.<\/p>\n<p>\u00dcber eines unserer Partner-Warenlager k\u00f6nnen wir Ihnen die M\u00f6glichkeit einer Zahlung auf ein Treuhandkonto anbieten \u2013 f\u00fcr die sichere Abwicklung Ihrer \u00dcberweisung.<\/p>\n<p>Haben Sie noch weitere Fragen? Schreiben Sie uns: <a href=\"mailto:office@connexion-international.eu\">office@connexion-international.eu<\/a><\/p>\n<p>&nbsp;<\/p>\n<p><img decoding=\"async\" loading=\"lazy\" class=\"alignleft wp-image-1749 size-large\" src=\"http:\/\/connexion-international.eu\/wp-content\/uploads\/2025\/11\/Borchwerf1-scaled-e1762265342502-1024x425.jpg\" alt=\"\" width=\"640\" height=\"266\" srcset=\"https:\/\/connexion-international.eu\/wp-content\/uploads\/2025\/11\/Borchwerf1-scaled-e1762265342502-1024x425.jpg 1024w, https:\/\/connexion-international.eu\/wp-content\/uploads\/2025\/11\/Borchwerf1-scaled-e1762265342502-300x124.jpg 300w, https:\/\/connexion-international.eu\/wp-content\/uploads\/2025\/11\/Borchwerf1-scaled-e1762265342502-768x319.jpg 768w, https:\/\/connexion-international.eu\/wp-content\/uploads\/2025\/11\/Borchwerf1-scaled-e1762265342502-1536x637.jpg 1536w, https:\/\/connexion-international.eu\/wp-content\/uploads\/2025\/11\/Borchwerf1-scaled-e1762265342502-2048x850.jpg 2048w\" sizes=\"(max-width: 640px) 100vw, 640px\" \/><\/p>\n<h5>Loendersloot Global Logistics<\/h5>\n<p>Kooldreef 7<br \/>\n4703 RE Roosendaal<br \/>\n0031 (0)165 550208<br \/>\ninfo@loendersloot.com<br \/>\n<a href=\"https:\/\/loendersloot.com\" target=\"_blank\" rel=\"noopener\">https:\/\/loendersloot.com<\/a><\/p>\n<h5>Seabrook Warehousing<\/h5>\n<p>853 London Road<br \/>\nWest Thurrock<br \/>\nEssex, RM20 3LG<br \/>\nVereinigtes K\u00f6nigreich<br \/>\n0044 (0)208 596 7500<br \/>\n<a href=\"http:\/\/www.seabrookwarehousing.com\" target=\"_blank\" rel=\"noopener\">www.seabrookwarehousing.com<\/a><\/p>\n","protected":false},"excerpt":{"rendered":"<p> &hellip; <a href=\"https:\/\/connexion-international.eu\/de\/lagerhaltung\/\">Weiterlesen <span class=\"meta-nav\">&#187;<\/span><\/a><\/p>\n","protected":false},"author":2,"featured_media":1547,"parent":0,"menu_order":21,"comment_status":"closed","ping_status":"closed","template":"","meta":[],"acf":[],"yoast_head":"<!-- This site is optimized with the Yoast SEO plugin v19.11 - https:\/\/yoast.com\/wordpress\/plugins\/seo\/ -->\n<title>Lagerhaltung | Connexion International<\/title>\n<meta name=\"description\" content=\"Unsere Lagerpartner Unsere Einkaufs- und Verkaufsaktivit\u00e4ten sowie der Transport werden von zuverl\u00e4ssigen Warenlagern \u00a0unterst\u00fctzt. Wir arbeiten eng mit\" \/>\n<meta name=\"robots\" content=\"index, follow, max-snippet:-1, max-image-preview:large, max-video-preview:-1\" \/>\n<link rel=\"canonical\" href=\"https:\/\/connexion-international.eu\/de\/lagerhaltung\/\" \/>\n<meta property=\"og:locale\" content=\"de_DE\" \/>\n<meta property=\"og:type\" content=\"article\" \/>\n<meta property=\"og:title\" content=\"Lagerhaltung | Connexion International\" \/>\n<meta property=\"og:description\" content=\"Unsere Lagerpartner Unsere Einkaufs- und Verkaufsaktivit\u00e4ten sowie der Transport werden von zuverl\u00e4ssigen Warenlagern \u00a0unterst\u00fctzt. Wir arbeiten eng mit\" \/>\n<meta property=\"og:url\" content=\"https:\/\/connexion-international.eu\/de\/lagerhaltung\/\" \/>\n<meta property=\"og:site_name\" content=\"Connexion International\" \/>\n<meta property=\"article:modified_time\" content=\"2025-11-04T14:16:58+00:00\" \/>\n<meta property=\"og:image\" content=\"http:\/\/connexion-international.eu\/wp-content\/uploads\/2013\/05\/Warehouses-copy1.jpg\" \/>\n\t<meta property=\"og:image:width\" content=\"1920\" \/>\n\t<meta property=\"og:image:height\" content=\"250\" \/>\n\t<meta property=\"og:image:type\" content=\"image\/jpeg\" \/>\n<meta name=\"twitter:label1\" content=\"Gesch\u00e4tzte Lesezeit\" \/>\n\t<meta name=\"twitter:data1\" content=\"1\u00a0Minute\" \/>\n<script type=\"application\/ld+json\" class=\"yoast-schema-graph\">{\"@context\":\"https:\/\/schema.org\",\"@graph\":[{\"@type\":\"WebPage\",\"@id\":\"https:\/\/connexion-international.eu\/de\/lagerhaltung\/\",\"url\":\"https:\/\/connexion-international.eu\/de\/lagerhaltung\/\",\"name\":\"Lagerhaltung | Connexion International\",\"isPartOf\":{\"@id\":\"https:\/\/connexion-international.eu\/#website\"},\"datePublished\":\"2013-05-23T14:04:31+00:00\",\"dateModified\":\"2025-11-04T14:16:58+00:00\",\"description\":\"Unsere Lagerpartner Unsere Einkaufs- und Verkaufsaktivit\u00e4ten sowie der Transport werden von zuverl\u00e4ssigen Warenlagern \u00a0unterst\u00fctzt. Wir arbeiten eng mit\",\"breadcrumb\":{\"@id\":\"https:\/\/connexion-international.eu\/de\/lagerhaltung\/#breadcrumb\"},\"inLanguage\":\"de\",\"potentialAction\":[{\"@type\":\"ReadAction\",\"target\":[\"https:\/\/connexion-international.eu\/de\/lagerhaltung\/\"]}]},{\"@type\":\"BreadcrumbList\",\"@id\":\"https:\/\/connexion-international.eu\/de\/lagerhaltung\/#breadcrumb\",\"itemListElement\":[{\"@type\":\"ListItem\",\"position\":1,\"name\":\"Home\",\"item\":\"https:\/\/connexion-international.eu\/de\/\"},{\"@type\":\"ListItem\",\"position\":2,\"name\":\"Lagerhaltung\"}]},{\"@type\":\"WebSite\",\"@id\":\"https:\/\/connexion-international.eu\/#website\",\"url\":\"https:\/\/connexion-international.eu\/\",\"name\":\"Connexion International\",\"description\":\"Delevering your favorite brand. Everywhere and everytime.\",\"potentialAction\":[{\"@type\":\"SearchAction\",\"target\":{\"@type\":\"EntryPoint\",\"urlTemplate\":\"https:\/\/connexion-international.eu\/?s={search_term_string}\"},\"query-input\":\"required name=search_term_string\"}],\"inLanguage\":\"de\"}]}<\/script>\n<!-- \/ Yoast SEO plugin. -->","yoast_head_json":{"title":"Lagerhaltung | Connexion International","description":"Unsere Lagerpartner Unsere Einkaufs- und Verkaufsaktivit\u00e4ten sowie der Transport werden von zuverl\u00e4ssigen Warenlagern \u00a0unterst\u00fctzt. Wir arbeiten eng mit","robots":{"index":"index","follow":"follow","max-snippet":"max-snippet:-1","max-image-preview":"max-image-preview:large","max-video-preview":"max-video-preview:-1"},"canonical":"https:\/\/connexion-international.eu\/de\/lagerhaltung\/","og_locale":"de_DE","og_type":"article","og_title":"Lagerhaltung | Connexion International","og_description":"Unsere Lagerpartner Unsere Einkaufs- und Verkaufsaktivit\u00e4ten sowie der Transport werden von zuverl\u00e4ssigen Warenlagern \u00a0unterst\u00fctzt. Wir arbeiten eng mit","og_url":"https:\/\/connexion-international.eu\/de\/lagerhaltung\/","og_site_name":"Connexion International","article_modified_time":"2025-11-04T14:16:58+00:00","og_image":[{"width":1920,"height":250,"url":"http:\/\/connexion-international.eu\/wp-content\/uploads\/2013\/05\/Warehouses-copy1.jpg","type":"image\/jpeg"}],"twitter_misc":{"Gesch\u00e4tzte Lesezeit":"1\u00a0Minute"},"schema":{"@context":"https:\/\/schema.org","@graph":[{"@type":"WebPage","@id":"https:\/\/connexion-international.eu\/de\/lagerhaltung\/","url":"https:\/\/connexion-international.eu\/de\/lagerhaltung\/","name":"Lagerhaltung | Connexion International","isPartOf":{"@id":"https:\/\/connexion-international.eu\/#website"},"datePublished":"2013-05-23T14:04:31+00:00","dateModified":"2025-11-04T14:16:58+00:00","description":"Unsere Lagerpartner Unsere Einkaufs- und Verkaufsaktivit\u00e4ten sowie der Transport werden von zuverl\u00e4ssigen Warenlagern \u00a0unterst\u00fctzt. Wir arbeiten eng mit","breadcrumb":{"@id":"https:\/\/connexion-international.eu\/de\/lagerhaltung\/#breadcrumb"},"inLanguage":"de","potentialAction":[{"@type":"ReadAction","target":["https:\/\/connexion-international.eu\/de\/lagerhaltung\/"]}]},{"@type":"BreadcrumbList","@id":"https:\/\/connexion-international.eu\/de\/lagerhaltung\/#breadcrumb","itemListElement":[{"@type":"ListItem","position":1,"name":"Home","item":"https:\/\/connexion-international.eu\/de\/"},{"@type":"ListItem","position":2,"name":"Lagerhaltung"}]},{"@type":"WebSite","@id":"https:\/\/connexion-international.eu\/#website","url":"https:\/\/connexion-international.eu\/","name":"Connexion International","description":"Delevering your favorite brand. Everywhere and everytime.","potentialAction":[{"@type":"SearchAction","target":{"@type":"EntryPoint","urlTemplate":"https:\/\/connexion-international.eu\/?s={search_term_string}"},"query-input":"required name=search_term_string"}],"inLanguage":"de"}]}},"_links":{"self":[{"href":"https:\/\/connexion-international.eu\/de\/wp-json\/wp\/v2\/pages\/712"}],"collection":[{"href":"https:\/\/connexion-international.eu\/de\/wp-json\/wp\/v2\/pages"}],"about":[{"href":"https:\/\/connexion-international.eu\/de\/wp-json\/wp\/v2\/types\/page"}],"author":[{"embeddable":true,"href":"https:\/\/connexion-international.eu\/de\/wp-json\/wp\/v2\/users\/2"}],"replies":[{"embeddable":true,"href":"https:\/\/connexion-international.eu\/de\/wp-json\/wp\/v2\/comments?post=712"}],"version-history":[{"count":11,"href":"https:\/\/connexion-international.eu\/de\/wp-json\/wp\/v2\/pages\/712\/revisions"}],"predecessor-version":[{"id":1763,"href":"https:\/\/connexion-international.eu\/de\/wp-json\/wp\/v2\/pages\/712\/revisions\/1763"}],"wp:featuredmedia":[{"embeddable":true,"href":"https:\/\/connexion-international.eu\/de\/wp-json\/wp\/v2\/media\/1547"}],"wp:attachment":[{"href":"https:\/\/connexion-international.eu\/de\/wp-json\/wp\/v2\/media?parent=712"}],"curies":[{"name":"wp","href":"https:\/\/api.w.org\/{rel}","templated":true}]}}