{"id":692,"date":"2013-05-23T14:24:24","date_gmt":"2013-05-23T13:24:24","guid":{"rendered":"http:\/\/connexion-international.eu\/trading-2\/"},"modified":"2014-03-17T12:05:06","modified_gmt":"2014-03-17T11:05:06","slug":"handel","status":"publish","type":"page","link":"https:\/\/connexion-international.eu\/de\/handel\/","title":{"rendered":"Was wir machen"},"content":{"rendered":"<h5>HANDEL<\/h5>\n<p>Die Connexion International BV ist ein dynamischer, internationaler Gro\u00dfhandel. Unser Hauptgesch\u00e4ft ist der Import und Export erstklassiger Spirituosen und Branntweine auf dem offenen Markt in Europa, Asien, Afrika und den USA.<b><\/b><\/p>\n<p><strong>Produktpalette<a href=\"http:\/\/connexion-international.eu\/wp-content\/uploads\/2014\/01\/Image-liquor.jpg\"><img decoding=\"async\" loading=\"lazy\" class=\"size-thumbnail wp-image-654 alignright\" alt=\"Image liquor bottles\" src=\"http:\/\/connexion-international.eu\/wp-content\/uploads\/2014\/01\/Image-liquor-150x150.jpg\" width=\"150\" height=\"150\" \/><\/a>\u00a0\u00a0<\/strong><br \/>\nMit unserem umfangreichen internationalen Netzwerk und unserer langj\u00e4hrigen Erfahrung k\u00f6nnen wir eine Vielfalt an hochwertigen alkoholischen Getr\u00e4nken ab Lager anbieten und Ihnen genau die Waren liefern, die Ihrem Bedarf entsprechen. Unser Sortiment umfasst Whisky, Cognac, Rum, Wodka, Lik\u00f6r, Gin, Calvados, Bourbon-Whiskey, Tequila, Wein und Champagner.<\/p>\n<p><strong>Originalware<\/strong><br \/>\nWir sind auf europ\u00e4ische Spirituosen spezialisiert, die bei der Ausfuhr vorabangemeldet werden. Das hei\u00dft, die Getr\u00e4nke sind unter Zollverschluss, und es fallen keine Verbrauchs- oder Mehrwertsteuern an. Wir k\u00f6nnen zudem au\u00dfereurop\u00e4ische T1-G\u00fcter beziehen.<\/p>\n<p>Wir handeln nur mit Originalmarken und nicht mit gef\u00e4lschten oder manipulierten Spirituosen.<\/p>\n<p><strong> Warenlager und Logistik<a href=\"http:\/\/connexion-international.eu\/wp-content\/uploads\/2013\/05\/Logistics.jpg\"><img decoding=\"async\" loading=\"lazy\" class=\"size-medium wp-image-481 alignright\" alt=\"Logistics\" src=\"http:\/\/connexion-international.eu\/wp-content\/uploads\/2013\/05\/Logistics-300x170.jpg\" width=\"300\" height=\"170\" srcset=\"https:\/\/connexion-international.eu\/wp-content\/uploads\/2013\/05\/Logistics-300x170.jpg 300w, https:\/\/connexion-international.eu\/wp-content\/uploads\/2013\/05\/Logistics-1024x583.jpg 1024w, https:\/\/connexion-international.eu\/wp-content\/uploads\/2013\/05\/Logistics.jpg 1934w\" sizes=\"(max-width: 300px) 100vw, 300px\" \/><\/a>\u00a0<\/strong><br \/>\nWir arbeiten eng mit sorgf\u00e4ltig ausgew\u00e4hlten, zuverl\u00e4ssigen <a title=\"Lagerhaltung\" href=\"http:\/\/connexion-international.eu\/de\/lagerhaltung\/\">Warenlagern <\/a>zusammen. Wir verkaufen die \u00a0alkoholischen Getr\u00e4nke ab Zolllager,inklusive aller erforderlichen Zolldokumente. Falls erforderlich, versehen wir die Spirituosen mit Steuermarken oder Steuerzeichen und k\u00fcmmern uns um den sicheren und schnellen Transport mit einem offiziellen Spediteur. Unabh\u00e4ngig davon, ob Sie einige Kartons abnehmen oder einen ganzen Container \u2013 wir bieten unsere Marken-Spirituosen zu vern\u00fcnftigen und wettbewerbsf\u00e4higen Preisen an.<\/p>\n<p><strong>Zahlungsbedingungen<\/strong><br \/>\nUnsere Zahlungsbedingungen sind einfach und sicher: Der Versand erfolgt nach Zahlungseingang auf unserem Konto oder dem Treuhandkonto eines unserer Partner-Warenlager.<\/p>\n<p><strong><img decoding=\"async\" loading=\"lazy\" class=\"size-medium wp-image-487 alignright\" alt=\"IMG_2703\" src=\"http:\/\/connexion-international.eu\/wp-content\/uploads\/2013\/05\/IMG_2703-300x69.jpg\" width=\"300\" height=\"69\" srcset=\"https:\/\/connexion-international.eu\/wp-content\/uploads\/2013\/05\/IMG_2703-300x69.jpg 300w, https:\/\/connexion-international.eu\/wp-content\/uploads\/2013\/05\/IMG_2703.jpg 1000w\" sizes=\"(max-width: 300px) 100vw, 300px\" \/><\/strong><b>\u00dcber Connexion<\/b><br \/>\nNachdem <a title=\"Unser Team\" href=\"http:\/\/connexion-international.eu\/de\/team\/\">Erik Van Voorts <\/a>ein Jahrzehnt lang in diesem Gesch\u00e4ftsbereich t\u00e4tig war, gr\u00fcndete er 2009 Connexion International. Das Unternehmen zeichnet sich durch Begeisterung, Einfallsreichtum und die pers\u00f6nliche Herangehensweise aus. Dies sorgte f\u00fcr ein schnelles Wachstum des Unternehmens.<\/p>\n<p>Unser Ziel ist es, starke, vertrauensvolle und dauerhafte Gesch\u00e4ftsbeziehungen zu unseren Kunden und Lieferanten aufzubauen.<\/p>\n","protected":false},"excerpt":{"rendered":"<p> &hellip; <a href=\"https:\/\/connexion-international.eu\/de\/handel\/\">Weiterlesen <span class=\"meta-nav\">&#187;<\/span><\/a><\/p>\n","protected":false},"author":2,"featured_media":0,"parent":0,"menu_order":10,"comment_status":"closed","ping_status":"closed","template":"","meta":[],"acf":[],"yoast_head":"<!-- This site is optimized with the Yoast SEO plugin v19.11 - https:\/\/yoast.com\/wordpress\/plugins\/seo\/ -->\n<title>Internationaler Spirituosenhandel - Connexion International<\/title>\n<meta name=\"description\" content=\"HANDEL Die Connexion International BV ist ein dynamischer, internationaler Gro\u00dfhandel. Unser Hauptgesch\u00e4ft ist der Import und Export erstklassiger\" \/>\n<meta name=\"robots\" content=\"index, follow, max-snippet:-1, max-image-preview:large, max-video-preview:-1\" \/>\n<link rel=\"canonical\" href=\"https:\/\/connexion-international.eu\/de\/handel\/\" \/>\n<meta property=\"og:locale\" content=\"de_DE\" \/>\n<meta property=\"og:type\" content=\"article\" \/>\n<meta property=\"og:title\" content=\"Internationaler Spirituosenhandel - Connexion International\" \/>\n<meta property=\"og:description\" content=\"HANDEL Die Connexion International BV ist ein dynamischer, internationaler Gro\u00dfhandel. Unser Hauptgesch\u00e4ft ist der Import und Export erstklassiger\" \/>\n<meta property=\"og:url\" content=\"https:\/\/connexion-international.eu\/de\/handel\/\" \/>\n<meta property=\"og:site_name\" content=\"Connexion International\" \/>\n<meta property=\"article:modified_time\" content=\"2014-03-17T11:05:06+00:00\" \/>\n<meta property=\"og:image\" content=\"http:\/\/connexion-international.eu\/wp-content\/uploads\/2014\/01\/Image-liquor-150x150.jpg\" \/>\n<meta name=\"twitter:label1\" content=\"Gesch\u00e4tzte Lesezeit\" \/>\n\t<meta name=\"twitter:data1\" content=\"1\u00a0Minute\" \/>\n<script type=\"application\/ld+json\" class=\"yoast-schema-graph\">{\"@context\":\"https:\/\/schema.org\",\"@graph\":[{\"@type\":\"WebPage\",\"@id\":\"https:\/\/connexion-international.eu\/de\/handel\/\",\"url\":\"https:\/\/connexion-international.eu\/de\/handel\/\",\"name\":\"Internationaler Spirituosenhandel - Connexion International\",\"isPartOf\":{\"@id\":\"https:\/\/connexion-international.eu\/#website\"},\"datePublished\":\"2013-05-23T13:24:24+00:00\",\"dateModified\":\"2014-03-17T11:05:06+00:00\",\"description\":\"HANDEL Die Connexion International BV ist ein dynamischer, internationaler Gro\u00dfhandel. Unser Hauptgesch\u00e4ft ist der Import und Export erstklassiger\",\"breadcrumb\":{\"@id\":\"https:\/\/connexion-international.eu\/de\/handel\/#breadcrumb\"},\"inLanguage\":\"de\",\"potentialAction\":[{\"@type\":\"ReadAction\",\"target\":[\"https:\/\/connexion-international.eu\/de\/handel\/\"]}]},{\"@type\":\"BreadcrumbList\",\"@id\":\"https:\/\/connexion-international.eu\/de\/handel\/#breadcrumb\",\"itemListElement\":[{\"@type\":\"ListItem\",\"position\":1,\"name\":\"Home\",\"item\":\"https:\/\/connexion-international.eu\/de\/\"},{\"@type\":\"ListItem\",\"position\":2,\"name\":\"Was wir machen\"}]},{\"@type\":\"WebSite\",\"@id\":\"https:\/\/connexion-international.eu\/#website\",\"url\":\"https:\/\/connexion-international.eu\/\",\"name\":\"Connexion International\",\"description\":\"Delevering your favorite brand. Everywhere and everytime.\",\"potentialAction\":[{\"@type\":\"SearchAction\",\"target\":{\"@type\":\"EntryPoint\",\"urlTemplate\":\"https:\/\/connexion-international.eu\/?s={search_term_string}\"},\"query-input\":\"required name=search_term_string\"}],\"inLanguage\":\"de\"}]}<\/script>\n<!-- \/ Yoast SEO plugin. -->","yoast_head_json":{"title":"Internationaler Spirituosenhandel - Connexion International","description":"HANDEL Die Connexion International BV ist ein dynamischer, internationaler Gro\u00dfhandel. Unser Hauptgesch\u00e4ft ist der Import und Export erstklassiger","robots":{"index":"index","follow":"follow","max-snippet":"max-snippet:-1","max-image-preview":"max-image-preview:large","max-video-preview":"max-video-preview:-1"},"canonical":"https:\/\/connexion-international.eu\/de\/handel\/","og_locale":"de_DE","og_type":"article","og_title":"Internationaler Spirituosenhandel - Connexion International","og_description":"HANDEL Die Connexion International BV ist ein dynamischer, internationaler Gro\u00dfhandel. Unser Hauptgesch\u00e4ft ist der Import und Export erstklassiger","og_url":"https:\/\/connexion-international.eu\/de\/handel\/","og_site_name":"Connexion International","article_modified_time":"2014-03-17T11:05:06+00:00","og_image":[{"url":"http:\/\/connexion-international.eu\/wp-content\/uploads\/2014\/01\/Image-liquor-150x150.jpg"}],"twitter_misc":{"Gesch\u00e4tzte Lesezeit":"1\u00a0Minute"},"schema":{"@context":"https:\/\/schema.org","@graph":[{"@type":"WebPage","@id":"https:\/\/connexion-international.eu\/de\/handel\/","url":"https:\/\/connexion-international.eu\/de\/handel\/","name":"Internationaler Spirituosenhandel - Connexion International","isPartOf":{"@id":"https:\/\/connexion-international.eu\/#website"},"datePublished":"2013-05-23T13:24:24+00:00","dateModified":"2014-03-17T11:05:06+00:00","description":"HANDEL Die Connexion International BV ist ein dynamischer, internationaler Gro\u00dfhandel. Unser Hauptgesch\u00e4ft ist der Import und Export erstklassiger","breadcrumb":{"@id":"https:\/\/connexion-international.eu\/de\/handel\/#breadcrumb"},"inLanguage":"de","potentialAction":[{"@type":"ReadAction","target":["https:\/\/connexion-international.eu\/de\/handel\/"]}]},{"@type":"BreadcrumbList","@id":"https:\/\/connexion-international.eu\/de\/handel\/#breadcrumb","itemListElement":[{"@type":"ListItem","position":1,"name":"Home","item":"https:\/\/connexion-international.eu\/de\/"},{"@type":"ListItem","position":2,"name":"Was wir machen"}]},{"@type":"WebSite","@id":"https:\/\/connexion-international.eu\/#website","url":"https:\/\/connexion-international.eu\/","name":"Connexion International","description":"Delevering your favorite brand. Everywhere and everytime.","potentialAction":[{"@type":"SearchAction","target":{"@type":"EntryPoint","urlTemplate":"https:\/\/connexion-international.eu\/?s={search_term_string}"},"query-input":"required name=search_term_string"}],"inLanguage":"de"}]}},"_links":{"self":[{"href":"https:\/\/connexion-international.eu\/de\/wp-json\/wp\/v2\/pages\/692"}],"collection":[{"href":"https:\/\/connexion-international.eu\/de\/wp-json\/wp\/v2\/pages"}],"about":[{"href":"https:\/\/connexion-international.eu\/de\/wp-json\/wp\/v2\/types\/page"}],"author":[{"embeddable":true,"href":"https:\/\/connexion-international.eu\/de\/wp-json\/wp\/v2\/users\/2"}],"replies":[{"embeddable":true,"href":"https:\/\/connexion-international.eu\/de\/wp-json\/wp\/v2\/comments?post=692"}],"version-history":[{"count":7,"href":"https:\/\/connexion-international.eu\/de\/wp-json\/wp\/v2\/pages\/692\/revisions"}],"predecessor-version":[{"id":698,"href":"https:\/\/connexion-international.eu\/de\/wp-json\/wp\/v2\/pages\/692\/revisions\/698"}],"wp:attachment":[{"href":"https:\/\/connexion-international.eu\/de\/wp-json\/wp\/v2\/media?parent=692"}],"curies":[{"name":"wp","href":"https:\/\/api.w.org\/{rel}","templated":true}]}}